{"id":2,"date":"2019-10-03T09:02:34","date_gmt":"2019-10-03T09:02:34","guid":{"rendered":"http:\/\/www.egomkultur.hu\/efb\/?page_id=2"},"modified":"2024-05-10T22:09:36","modified_gmt":"2024-05-10T22:09:36","slug":"ez-egy-minta-oldal","status":"publish","type":"page","link":"https:\/\/egomkultur.hu\/efb\/","title":{"rendered":"\u00dcdv\u00f6z\u00f6lj\u00fck az Esztergomi Fotogr\u00e1fiai Bienn\u00e1l\u00e9 2024 online fel\u00fclet\u00e9n!"},"content":{"rendered":"<p>Tisztelt l\u00e1togat\u00f3k!<\/p>\n<p>Az oldalon az Esztergomi Fotogr\u00e1fiai Bienn\u00e1l\u00e9 2024-es p\u00e1ly\u00e1zatara t\u00f6rt\u00e9n\u0151 jelentkez\u00e9sre lehet\u0151s\u00e9g lez\u00e1rult.<\/p>\n<table width=\"50%\" cellspacing=\"0\" cellpadding=\"10\" align=\"center\">\n<tbody>\n<tr>\n<td align=\"center\" width=\"12%\"><\/td>\n<td align=\"center\" bgcolor=\"#135E16\" width=\"26%\">\n<p align=\"center\"><span style=\"color: #ffffff;\"><i>P\u00c1LY\u00c1ZATI KI\u00cdR\u00c1S LET\u00d6LT\u00c9SE<\/i><\/span><\/p>\n<\/td>\n<td align=\"center\" width=\"12%\"><\/td>\n<\/tr>\n<\/tbody>\n<\/table>\n<p>&nbsp;<\/p>\n<table width=\"50%\" cellspacing=\"0\" cellpadding=\"10\" align=\"center\">\n<tbody>\n<tr>\n<td width=\"12%\"><\/td>\n<td align=\"center\" bgcolor=\"#135E16\" width=\"26%\">\n<p align=\"center\"><span style=\"color: #ffffff;\"><i>NEVEZ\u00c9SI LAP LET\u00d6LT\u00c9SE<\/i><\/span><\/p>\n<\/td>\n<td width=\"12%\"><\/td>\n<\/tr>\n<\/tbody>\n<\/table>\n<p>&nbsp;<\/p>\n<table width=\"50%\" cellspacing=\"0\" cellpadding=\"10\" align=\"center\">\n<tbody>\n<tr>\n<td width=\"12%\"><\/td>\n<td align=\"center\" bgcolor=\"#135E16\" width=\"26%\">\n<p align=\"center\"><span style=\"color: #ffffff;\"><i>P\u00c1LYAM\u0170VEK \u00c9S SZ\u00dcKS\u00c9GES<\/i><\/span><i> <\/i><span style=\"color: #ffffff;\"><i>DOKUMENTUMOK <\/i><\/span><span style=\"color: #ffffff;\"><i>FELT\u00d6LT\u00c9SE<\/i><\/span><\/p>\n<\/td>\n<td width=\"12%\"><\/td>\n<\/tr>\n<\/tbody>\n<\/table>\n<p style=\"text-align: center;\"><!--noptimize--><style><\/style><style>#rm_login_form_1 .rmrow .rmfield label {  }<\/style>        <div class='rmagic'>    \n            <div class='rmcontent rm-login-wrapper'>\n                                    <div class=\"rm-thirdp-login-button-wrap\">\n                                        <\/div>\n                    <style type=\"text\/css\">label span.required { color: #B94A48; }span.help-inline, span.help-block { color: #888; font-size: .9em; font-style: italic; }<\/style><form action id=\"rm_login_form_1\" method=\"post\" style class=\"form-horizontal\"><fieldset><input type=\"hidden\" name=\"rm_form_sub_id\" value=rm_login_form_1><input type=\"hidden\" name=\"rm_form_sub_no\" value=><input type=\"hidden\" name=\"rm_slug\" value=\"rm_login_form\" id=\"rm_login_form_1-element-0\"\/><div class=\"rmrow\"><div class=\"rmfield\" for=\"rm_login_form_1-element-1\"><label>Felhaszn\u00e1l\u00f3n\u00e9v<sup class=\"required\">&nbsp;*<\/sup><\/label><\/div><div class=\"rminput\"><input type=\"text\" name=\"username\" required class minlength=\"0\" maxlength placeholder=\"\u00cdrja be felhaszn\u00e1l\u00f3 nev\u00e9t\" style id=\"rm_login_form_1-element-1\"\/><\/div><\/div><div class=\"rmrow\"><div class=\"rmfield\" for=\"rm_login_form_1-element-2\"><label>Jelsz\u00f3<sup class=\"required\">&nbsp;*<\/sup><\/label><\/div><div class=\"rminput\"><input type=\"password\" name=\"pwd\" required class minlength=\"0\" maxlength placeholder=\"\u00cdrja be jelszav\u00e1t\" style id=\"rm_login_form_1-element-2\"\/><\/div><\/div><div class=\"rmrow\"><div class=\"rmfield\" for=\"rm_login_form-element-3\"><\/div><div class=\"rminput\"><ul class=\"rmradio\"><li class=\"rm-login-remember\"> <input id=\"rm_login_form-element-3-0\" type=\"checkbox\" name=\"remember[]\" value=\"1\"><label for=\"rm_login_form-element-3-0\"><span>Remember Me<\/span><\/label> <\/li> <\/ul><\/div><\/div><div class=\"rmrow rm_captcha_fieldrow\"><div class=\"rminput\"><pre class=\"rm-pre-wrapper-for-script-tags\"><script type=text\/javascript>if(typeof rm_captcha_site_key === \"undefined\")rm_captcha_site_key=\"6LeyLZEeAAAAABKX5bFNWBCs0d4WoLVOQm5tKTGW\";<\/script><\/pre><div style=\"overflow:hidden\" class=\"g-recaptcha\" data-sitekey=\"6LeyLZEeAAAAABKX5bFNWBCs0d4WoLVOQm5tKTGW\"><\/div><\/div><\/div><div class=\"buttonarea\"><input   type=\"submit\" value=\"Bel\u00e9p\u00e9s\" name=\"submit\" id=\"rm_submit_btn\" class=\"rm_btn rm_login_btn rm-btn rm-btn-primary button button-primary\" style=\"background-color: rgb(111, 111, 111);\"\/><\/div><div class=\"rm_forgot_pass\"><a href=\"https:\/\/egomkultur.hu\/efb\/elfelejtett-jelszo\/\" target=\"blank\">Elveszett jelsz\u00f3?<\/a><\/div><\/fieldset><\/form><pre class=\"rm-pre-wrapper-for-script-tags\"><script type=\"text\/javascript\">jQuery(document).ready(function() {\t\tjQuery(\"#rm_login_form_1\").bind(\"submit\", function(){\n                        \/\/jQuery(this).find(\"input[name=rm_slug]\").attr(\"value\",jQuery(this).find(\"input[name=submit]\").attr(\"value\"));\n\t\t\tjQuery(this).find(\"input[type=submit]\").attr(\"disabled\", \"disabled\"); \n\t\t});}); <\/script><\/pre>        <noscript>\n            <div class=\"rm-js-disabled\"><b>Note: It looks like JavaScript is disabled in your browser. Some elements of this form may require JavaScript to work properly. If you have trouble submitting the form, try enabling JavaScript momentarily and resubmit. JavaScript settings are usually found in Browser Settings or Browser Developer menu.<\/b><\/div>\n            <style>\n                .rm_next_btn {display:none !important}\n                .rm_noscript_btn {display: block !important}\n            <\/style>\n        <\/noscript>\n    \n                            <\/div>\n        <\/div> \n\n    \n\n<script>\n\n\n\/\/PassWord field Show Hide\n\nif (jQuery('.rm-login-wrapper [name=\"pwd\"]').length > 0) {\n    const passwordInput = jQuery('.rm-login-wrapper [name=\"pwd\"]:not(.rm-login-widget-modal .rm-login-wrapper [name=\"pwd\"])');\n    const closestDiv = passwordInput.closest('div.rminput');\n    \n    console.log(closestDiv);\n    closestDiv.addClass('rm-password-toggle-wrap');\n    closestDiv.prepend('<span class=\"rm-togglePassword\"><\/span>');\n\n    const togglePassword = document.querySelector(\".rm-togglePassword\");\n    if (togglePassword) {\n        togglePassword.addEventListener(\"click\", function () {\n            const password = document.querySelector(\"input[name='pwd']\");\n            const type = password.getAttribute(\"type\") === \"password\" ? \"text\" : \"password\";\n            password.setAttribute(\"type\", type);\n            this.classList.toggle(\"rm-togglePassword-show\");\n        });\n    }\n}\n\n\n\n\n<\/script>\n\n<!--\/noptimize--><\/p>\n","protected":false},"excerpt":{"rendered":"<p>Tisztelt l\u00e1togat\u00f3k! Az oldalon az Esztergomi Fotogr\u00e1fiai Bienn\u00e1l\u00e9 2024-es p\u00e1ly\u00e1zatara t\u00f6rt\u00e9n\u0151 jelentkez\u00e9sre lehet\u0151s\u00e9g lez\u00e1rult. P\u00c1LY\u00c1ZATI KI\u00cdR\u00c1S LET\u00d6LT\u00c9SE &nbsp; NEVEZ\u00c9SI LAP LET\u00d6LT\u00c9SE &nbsp; P\u00c1LYAM\u0170VEK \u00c9S SZ\u00dcKS\u00c9GES DOKUMENTUMOK FELT\u00d6LT\u00c9SE<\/p>\n","protected":false},"author":1,"featured_media":0,"parent":0,"menu_order":1,"comment_status":"closed","ping_status":"closed","template":"","meta":{"footnotes":""},"class_list":["post-2","page","type-page","status-publish","hentry","post"],"_links":{"self":[{"href":"https:\/\/egomkultur.hu\/efb\/wp-json\/wp\/v2\/pages\/2","targetHints":{"allow":["GET"]}}],"collection":[{"href":"https:\/\/egomkultur.hu\/efb\/wp-json\/wp\/v2\/pages"}],"about":[{"href":"https:\/\/egomkultur.hu\/efb\/wp-json\/wp\/v2\/types\/page"}],"author":[{"embeddable":true,"href":"https:\/\/egomkultur.hu\/efb\/wp-json\/wp\/v2\/users\/1"}],"replies":[{"embeddable":true,"href":"https:\/\/egomkultur.hu\/efb\/wp-json\/wp\/v2\/comments?post=2"}],"version-history":[{"count":78,"href":"https:\/\/egomkultur.hu\/efb\/wp-json\/wp\/v2\/pages\/2\/revisions"}],"predecessor-version":[{"id":326,"href":"https:\/\/egomkultur.hu\/efb\/wp-json\/wp\/v2\/pages\/2\/revisions\/326"}],"wp:attachment":[{"href":"https:\/\/egomkultur.hu\/efb\/wp-json\/wp\/v2\/media?parent=2"}],"curies":[{"name":"wp","href":"https:\/\/api.w.org\/{rel}","templated":true}]}}