{"id":3,"date":"2019-10-03T09:02:34","date_gmt":"2019-10-03T09:02:34","guid":{"rendered":"http:\/\/www.egomkultur.hu\/efb\/?page_id=3"},"modified":"2022-04-01T10:39:29","modified_gmt":"2022-04-01T10:39:29","slug":"adatkezelesi-tajekoztato","status":"publish","type":"page","link":"https:\/\/egomkultur.hu\/efb\/adatkezelesi-tajekoztato\/","title":{"rendered":"Adatv\u00e9delmi ir\u00e1nyelvek"},"content":{"rendered":"\r\n<ol>\r\n<li>\r\n<p>AZ ADATKEZEL\u0150<\/p>\r\n<p>Jelen adatkezel\u00e9si t\u00e1j\u00e9koztat\u00f3nak az a c\u00e9lja, hogy az \u00e9rintett mag\u00e1nszem\u00e9lyeket k\u00f6z\u00e9rthet\u0151en \u00e9s<br \/>t\u00f6m\u00f6ren t\u00e1j\u00e9koztassa a szem\u00e9lyes adataik kezel\u00e9s\u00e9r\u0151l, az Eur\u00f3pai Uni\u00f3 \u00c1ltal\u00e1nos Adatv\u00e9delmi<br \/>Rendelet\u00e9nek (2016\/679.sz\u00e1m\u00fa Rendelet &#8211; \u201eGDPR\u201d) \u00e9s a magyar Infot\u00f6rv\u00e9nynek (2011. \u00e9vi<br \/>CXII. t\u00f6rv\u00e9ny) megfelel\u0151en.<br \/>A M\u0171vel\u0151d\u00e9s H\u00e1za Esztergom Nonprofit. Kft. (a tov\u00e1bbiakban: adatkezel\u0151) mag\u00e1ra n\u00e9zve<br \/>k\u00f6telez\u0151nek ismeri el jelen t\u00e1j\u00e9koztat\u00f3ban foglalt szab\u00e1lyokat, amelyeket a hat\u00e1lyos jogi<br \/>szab\u00e1lyoz\u00e1s alapj\u00e1n alak\u00edtott ki.<br \/>Az egomkultur.hu domain alatt megtal\u00e1lhat\u00f3 web oldal adatkezel\u00e9s\u00e9hez kapcsol\u00f3d\u00f3 adatv\u00e9delmi<br \/>t\u00e1j\u00e9koztat\u00f3 el\u00e9rhet\u0151 https:\/\/egomkultur.hu\/adatvedelmi-nyilatkozat c\u00edmen.<\/p>\r\n<p>Az adatkezel\u0151 adatai:<br \/>N\u00e9v: A M\u0171vel\u0151d\u00e9s H\u00e1za Esztergom Np. Kft.<br \/>C\u00edm: 2500. Esztergom, Imah\u00e1z utca 2\/a<br \/>Telefon: +36 33 313 888<br \/>E-mail: iroda@amuvelodeshazaesztergom.hu<br \/>K\u00e9pvisel\u0151: Maronka Csilla, \u00fcgyvezet\u0151<br \/>Ad\u00f3sz\u00e1m: 21893335-2-11<br \/>C\u00e9gjegyz\u00e9ksz\u00e1m: Cg. 11-09-013060<br \/>T\u00e1rhely szolg\u00e1ltat\u00f3: Next Generation Solution Kft.<\/p>\r\n<p>Az adatkezel\u0151 v\u00e1llalja, hogy a weboldal\u00e1nak \u00fczemeltet\u00e9s\u00e9vel \u00e9s a szolg\u00e1ltat\u00e1s\u00e1val kapcsolatos<br \/>adatkezel\u00e9se megfelel a mindenkori hat\u00e1lyos uni\u00f3s \u00e9s magyar szab\u00e1lyoz\u00e1snak.<br \/>Az adatkezel\u0151 fenntartja mag\u00e1nak a mindenkori jogot a t\u00e1j\u00e9koztat\u00f3 megv\u00e1ltoztat\u00e1s\u00e1ra, de<br \/>k\u00f6telezetts\u00e9get v\u00e1llal annak nyilv\u00e1noss\u00e1gra hozatal\u00e1ra \u00e9s k\u00f6zz\u00e9t\u00e9telre.<\/p>\r\n<p>2. AZ ADATKEZEL\u00c9SSEL \u00c9RINTETT ADATOK K\u00d6RE<br \/>\u00c1ltal\u00e1nos tudnival\u00f3k<\/p>\r\n<p>A weboldalon<br \/>&#8211; az \u00f6nk\u00e9ntesen, hozz\u00e1j\u00e1rul\u00e1s alapj\u00e1n megadott vagy<br \/>&#8211; a jogi k\u00f6telezetts\u00e9g\/szerz\u0151d\u00e9s teljes\u00edt\u00e9se miatt sz\u00fcks\u00e9ges szem\u00e9lyes adatokat<br \/>t\u00e1rolja az adatkezel\u0151 (jogalapok), mely adatkezel\u00e9s c\u00e9lja a v\u00e1s\u00e1rl\u00f3 megrendel\u00e9s\u00e9nek teljes\u00edt\u00e9se,<br \/>\u00fcgyf\u00e9lkapcsolat szerinti kiszolg\u00e1l\u00e1s.<br \/>A szem\u00e9lyes adatok fajt\u00e1i: vezet\u00e9k- \u00e9s ut\u00f3n\u00e9v, a telefonsz\u00e1m, a levelez\u00e9si \u00e9s e-mail c\u00edm, illetve<br \/>c\u00edmelt\u00e9r\u00e9s eset\u00e9n: a sz\u00e1ml\u00e1z\u00e1si adatok is.<\/p>\r\n<p>Megrendel\u00e9s, \u00fcgyf\u00e9l kapcsolat l\u00e9trej\u00f6tte eset\u00e9n a szolg\u00e1ltat\u00f3 a mindenkori hat\u00e1lyos sz\u00e1mviteli-<br \/>\u00e9s ad\u00f3jogszab\u00e1lyok (2000. \u00e9vi C. t\u00f6rv\u00e9ny) szerinti 8 \u00e9ves id\u0151tartamig t\u00e1rolja a szem\u00e9lyes adatok<\/p>\r\n<p>k\u00f6z\u00fcl a nevet \u00e9s a c\u00edmet, a t\u00f6bbi szem\u00e9lyes adat az utols\u00f3 v\u00e1s\u00e1rl\u00e1st\u00f3l sz\u00e1m\u00edtott 1 \u00e9vet k\u00f6vet\u0151en<br \/>t\u00f6rl\u00e9sre ker\u00fclnek.<\/p>\r\n<p>3. ADATFELDOLGOZ\u00d3K<br \/>3.1 Strigonium Zrt. (2500. Esztergom, De\u00e1k Ferenc utca 4.)adatfeldolgoz\u00f3<br \/>&#8211; \u00e1tadott adatok k\u00f6re: n\u00e9v, c\u00edm, telefonsz\u00e1m, e-mail c\u00edm<br \/>&#8211; adatfeldolgoz\u00e1si c\u00e9l: k\u00f6nyvl\u00e9s, sz\u00e1mlakezel\u00e9s<br \/>&#8211; adatkezel\u00e9s id\u0151tartama: sz\u00e1mviteli t\u00f6rv\u00e9ny szerinti 8 \u00e9v, kiv\u00e9ve a telefonsz\u00e1m, az:<br \/>k\u00e9zbes\u00edt\u00e9st\u0151l sz\u00e1m\u00edtott 3 munkanap<br \/>&#8211; jogalap: adatkezel\u0151 jogos \u00e9rdeke.<br \/>3.2. Esztergomi Zsuzsanna adatfeldolgoz\u00f3 (2534 T\u00e1t, Bajnai \u00fat 9.)<br \/>&#8211; \u00e1tadott adatok k\u00f6re: n\u00e9v, c\u00edm, telefonsz\u00e1m, e-mail c\u00edm<br \/>&#8211; adatfeldolgoz\u00e1si c\u00e9l: k\u00f6nyvel\u00e9s, sz\u00e1mlkezel\u00e9s<br \/>&#8211; adatkezel\u00e9s id\u0151tartama: sz\u00e1mviteli t\u00f6rv\u00e9ny szerinti 8 \u00e9v, kiv\u00e9ve a telefonsz\u00e1m, az:<br \/>k\u00e9zbes\u00edt\u00e9st\u0151l sz\u00e1m\u00edtott 3 munkanap<br \/>&#8211; jogalap: adatkezel\u0151 jogos \u00e9rdeke.<br \/>3.3 Next Generation Solution Kft. (2040. Buda\u00f6rs, \u00c9bner Gy\u00f6rgy k\u00f6z 4.)<br \/>&#8211; T\u00e1rolt adatok k\u00f6re: n\u00e9v, c\u00edm, telefonsz\u00e1m, e-mail c\u00edm<br \/>&#8211; adatfeldolgoz\u00e1si c\u00e9l: \u00fcgyviteli rendszer \u00fczemeltet\u00e9s<br \/>&#8211; adatkezel\u00e9s id\u0151tartama: sz\u00e1mviteli t\u00f6rv\u00e9ny szerinti 8 \u00e9v, kiv\u00e9ve a telefonsz\u00e1m, az:<br \/>k\u00e9zbes\u00edt\u00e9st\u0151l sz\u00e1m\u00edtott 3 munkanap<br \/>&#8211; jogalap: Szerz\u0151d\u00e9s teljes\u00edt\u00e9se.<\/p>\r\n<p>4. AZ \u00c9RINTETT SZEM\u00c9LY EL\u0150ZETES T\u00c1J\u00c9KOZTAT\u00c1SA<br \/>Az \u00e9rintettet \u2013 t\u00f6m\u00f6ren, k\u00f6z\u00e9rthet\u0151en \u00e9s r\u00e9szletesen &#8211; t\u00e1j\u00e9koztatjuk az adatai kezel\u00e9s\u00e9vel<br \/>kapcsolatos minden t\u00e9nyr\u0151l, \u00edgy k\u00fcl\u00f6n\u00f6sen az adatkezel\u00e9s c\u00e9lj\u00e1r\u00f3l \u00e9s jogalapj\u00e1r\u00f3l, az<br \/>adatkezel\u00e9sre \u00e9s az adatfeldolgoz\u00e1sra jogosult szem\u00e9ly\u00e9r\u0151l, az adatkezel\u00e9s id\u0151tartam\u00e1r\u00f3l, illetve<br \/>arr\u00f3l, hogy kik ismerhetik meg az adatokat.<br \/>A t\u00e1j\u00e9koztat\u00e1sunk kiterjed az \u00e9rintett adatkezel\u00e9ssel kapcsolatos jogaira \u00e9s jogorvoslati<br \/>lehet\u0151s\u00e9geire is.<\/p>\r\n<p>5. A SZEM\u00c9LYES ADATOK, AZ ADATKEZEL\u00c9S C\u00c9LJA, JOGALAPJA \u00c9S<br \/>ID\u0150BELI TERJEDELME<br \/>Az \u00e9rintettel kapcsolatos minden szem\u00e9lyes adat kezel\u00e9se \u00f6nk\u00e9ntes hozz\u00e1j\u00e1rul\u00e1son vagy jogi<br \/>k\u00f6telezetts\u00e9g teljes\u00edt\u00e9s\u00e9n alapul.<\/p>\r\n<p>5.1. A honlap l\u00e1togat\u00f3inak adatai<br \/>A honlapok l\u00e1togat\u00e1sa sor\u00e1n az adatkezel\u0151k\u00e9nt r\u00f6gz\u00edtj\u00fck a (be nem azonos\u00edthat\u00f3) felhaszn\u00e1l\u00f3k<br \/>IP c\u00edm\u00e9t, a l\u00e1togat\u00e1s id\u0151pontj\u00e1t \u00e9s a megtekintett oldal c\u00edm\u00e9t &#8211; technikai okb\u00f3l, valamint a<br \/>felhaszn\u00e1l\u00f3i szok\u00e1sokra vonatkoz\u00f3 statisztik\u00e1k k\u00e9sz\u00edt\u00e9se c\u00e9lj\u00e1b\u00f3l. Jelen adatok statisztikai jelleg\u0171<br \/>adatok, nem rendelj\u00fck hozz\u00e1 konkr\u00e9t v\u00e1s\u00e1rl\u00f3nk kil\u00e9t\u00e9t, \u00edgy az \u00e9rintett nem beazonos\u00edthat\u00f3.<br \/>Az adatokat a szerver maximum egy h\u00f3napig t\u00e1rolja. Az adatkezel\u00e9s jogalapja: \u00e9rintett<br \/>mag\u00e1nszem\u00e9ly \u00f6nk\u00e9ntes hozz\u00e1j\u00e1rul\u00e1sa.<br \/>A szolg\u00e1ltat\u00f3 a testre szabott kiszolg\u00e1l\u00e1s \u00e9rdek\u00e9ben a felhaszn\u00e1l\u00f3 sz\u00e1m\u00edt\u00f3g\u00e9p\u00e9n kis<br \/>adatcsomagot, \u00fan. cookie-t helyez el. A honlapok haszn\u00e1lat\u00e1val a felhaszn\u00e1l\u00f3 elfogadja, hogy<br \/>sz\u00e1m\u00edt\u00f3g\u00e9p\u00e9n a szolg\u00e1ltat\u00f3 cookie-t helyezzen el.<br \/>A szolg\u00e1ltat\u00f3, technikai k\u00f6zrem\u0171k\u00f6d\u0151k\u00e9nt biztos\u00edthatja, hogy a honlapok l\u00e1togat\u00e1sa sor\u00e1n a<br \/>szolg\u00e1ltat\u00f3val egy\u00fcttm\u0171k\u00f6d\u0151 harmadik szem\u00e9lyek, k\u00fcl\u00f6n\u00f6sen a Google Inc. cookie-k<br \/>seg\u00edts\u00e9g\u00e9vel t\u00e1rolj\u00e1k, ha a felhaszn\u00e1l\u00f3 kor\u00e1bban m\u00e1r l\u00e1togat\u00e1st tett a szolg\u00e1ltat\u00f3 honlapj\u00e1n \u00e9s ez<br \/>alapj\u00e1n hirdet\u00e9st jelen\u00edthetnek meg a felhaszn\u00e1l\u00f3nak.<br \/>A cookie-t a felhaszn\u00e1l\u00f3 k\u00e9pes t\u00f6r\u00f6lni saj\u00e1t sz\u00e1m\u00edt\u00f3g\u00e9p\u00e9r\u0151l, illetve be\u00e1ll\u00edthatja b\u00f6ng\u00e9sz\u0151j\u00e9t, hogy<br \/>a cookie-k alkalmaz\u00e1s\u00e1t tiltsa. Ezen t\u00falmen\u0151en a Google biztos\u00edtja, hogy a felhaszn\u00e1l\u00f3 a Google<br \/>\u00e1ltal megjelen\u00edtett hirdet\u00e9sek kikapcsol\u00e1s\u00e1ra szolg\u00e1l\u00f3 oldalon<br \/>(http:\/\/www.google.hu\/privacy_ads.html) letilthatja a Google \u00e1ltal elhelyezett cookie-kat. A<br \/>cookie-k alkalmaz\u00e1s\u00e1nak tilt\u00e1s\u00e1val, t\u00f6rl\u00e9s\u00e9vel a honlapok haszn\u00e1lata k\u00e9nyelmetlenebb\u00e9 v\u00e1lhat a<br \/>felhaszn\u00e1l\u00f3 sz\u00e1m\u00e1ra.<br \/>5.2. Kapcsolatfelv\u00e9tel, megrendel\u0151lap kit\u00f6lt\u00e9se, \u00fcgyf\u00e9l-levelez\u00e9s<br \/>A kezelt adatok k\u00f6re: n\u00e9v, c\u00edm, telefonsz\u00e1m, e-mail c\u00edm.<br \/>Az \u00fczeneteket a c\u00edmzett csak rendeltet\u00e9sszer\u0171en haszn\u00e1lja fel, amennyiben \u00fczleti kapcsolat nem<br \/>j\u00f6n l\u00e9tre, \u00fagy az adatokat a felv\u00e9telt\u0151l sz\u00e1m\u00edtott maximum 30 napig t\u00e1rolja, \u00fczleti kapcsolat<br \/>l\u00e9trej\u00f6tte eset\u00e9n a sz\u00e1mviteli- \u00e9s ad\u00f3 szab\u00e1lyoknak megfelel\u0151en t\u00e1rolja \u00e9s kezeli az adatokat. Az<br \/>adatkezel\u00e9s id\u0151tartama ebben az esetben: A sz\u00e1ml\u00e1z\u00e1si adatokkal kapcsolatos k\u00f6telez\u0151 a<br \/>sz\u00e1mvitelr\u0151l sz\u00f3l\u00f3 2000. \u00e9vi C. t\u00f6rv\u00e9ny 169. \u00a7 (2) bekezd\u00e9se alapj\u00e1n: 8 \u00e9v.<br \/>5.3. Egy\u00e9b adatkezel\u00e9sek<br \/>Jelen t\u00e1j\u00e9koztat\u00f3ban meg nem jel\u00f6lt adatkezel\u00e9sekr\u0151l az adatkezel\u0151 az adatkezel\u00e9si m\u0171velet<br \/>megkezd\u00e9se el\u0151tt ad r\u00e9szletes t\u00e1j\u00e9koztat\u00e1st, szerzi be a sz\u00fcks\u00e9ges hozz\u00e1j\u00e1rul\u00e1st.<\/p>\r\n<p>6. ADATT\u00c1ROL\u00c1S M\u00d3DJA, BIZTONS\u00c1G<br \/>Az adatkezel\u0151 honlapjait kiszolg\u00e1l\u00f3 szerverek a Next Generation Solution Kft<br \/>adatk\u00f6zpontjaiban tal\u00e1lhat\u00f3k<\/p>\r\n<p>6.1. Adatbiztons\u00e1g<br \/>Az adatkezel\u0151 az adatkezel\u00e9s sor\u00e1n meg\u0151rzi:<br \/>\u2022 az integrit\u00e1st \u00e9s bizalmass\u00e1got: megv\u00e9di az inform\u00e1ci\u00f3t, hogy csak az f\u00e9rhessen hozz\u00e1, aki erre<br \/>jogosult, megv\u00e9di az inform\u00e1ci\u00f3nak \u00e9s a feldolgoz\u00e1s m\u00f3dszer\u00e9nek a pontoss\u00e1g\u00e1t \u00e9s teljess\u00e9g\u00e9t;<br \/>\u2022 a rendelkez\u00e9sre \u00e1ll\u00e1st: gondoskodik arr\u00f3l, hogy amikor a jogosult haszn\u00e1l\u00f3nak sz\u00fcks\u00e9ge van r\u00e1,<br \/>val\u00f3ban hozz\u00e1 tudjon f\u00e9rni a k\u00edv\u00e1nt inform\u00e1ci\u00f3hoz, \u00e9s rendelkez\u00e9sre \u00e1lljanak az ezzel<br \/>kapcsolatos eszk\u00f6z\u00f6k.<br \/>Az interneten tov\u00e1bb\u00edtott elektronikus \u00fczenetek, protokollt\u00f3l (e-mail, web, ftp, stb.) f\u00fcggetlen\u00fcl<br \/>s\u00e9r\u00fcl\u00e9kenyek az olyan h\u00e1l\u00f3zati fenyeget\u00e9sekkel szemben, amelyek tisztess\u00e9gtelen tev\u00e9kenys\u00e9gre,<br \/>szerz\u0151d\u00e9s vitat\u00e1s\u00e1ra, vagy az inform\u00e1ci\u00f3 felfed\u00e9s\u00e9re, m\u00f3dos\u00edt\u00e1s\u00e1ra vezetnek. Az ilyen<br \/>fenyeget\u00e9sekt\u0151l megv\u00e9dend\u0151 a szolg\u00e1ltat\u00f3 megtesz minden t\u0151le elv\u00e1rhat\u00f3 \u00f3vint\u00e9zked\u00e9st. A<br \/>rendszereket megfigyeli annak \u00e9rdek\u00e9ben, hogy minden biztons\u00e1gi elt\u00e9r\u00e9st r\u00f6gz\u00edthessen, \u00e9s<br \/>bizony\u00edt\u00e9kkal szolg\u00e1lhasson minden biztons\u00e1gi esem\u00e9ny eset\u00e9ben. A rendszermegfigyel\u00e9s ezen<br \/>k\u00edv\u00fcl lehet\u0151v\u00e9 teszi az alkalmazott \u00f3vint\u00e9zked\u00e9sek hat\u00e9konys\u00e1g\u00e1nak ellen\u0151rz\u00e9s\u00e9t is.<br \/>6.2. Adatt\u00e1rol\u00e1s<br \/>Az adatkezel\u0151 a szoftvereit \u00e9s az informatikai eszk\u00f6zeit \u00fagy v\u00e1lasztja meg \u00e9s \u00fczemelteti, hogy a<br \/>kezelt adat:- az arra feljogos\u00edtottak sz\u00e1m\u00e1ra hozz\u00e1f\u00e9rhet\u0151 (rendelkez\u00e9sre \u00e1ll\u00e1s),- hiteless\u00e9ge \u00e9s<br \/>hiteles\u00edt\u00e9se biztos\u00edtott (adatkezel\u00e9s hiteless\u00e9ge);- v\u00e1ltozatlans\u00e1ga igazolhat\u00f3 (adatintegrit\u00e1s);- a<br \/>jogosulatlan hozz\u00e1f\u00e9r\u00e9s ellen v\u00e9dett (adat bizalmass\u00e1ga) legyen.<br \/>Az adatkezel\u0151 olyan m\u0171szaki, szervez\u00e9si \u00e9s szervezeti int\u00e9zked\u00e9sekkel gondoskodik az<br \/>adatkezel\u00e9s biztons\u00e1g\u00e1nak v\u00e9delm\u00e9r\u0151l, amely az adatkezel\u00e9ssel kapcsolatban jelentkez\u0151<br \/>kock\u00e1zatoknak megfelel\u0151 v\u00e9delmi szintet ny\u00fajt.<\/p>\r\n<p>7. ADATTOV\u00c1BB\u00cdT\u00c1S<br \/>Az adatkezel\u0151 a megrendel\u00e9shez \u00e9s annak teljes\u00edt\u00e9s\u00e9hez sz\u00fcks\u00e9ges szem\u00e9lyes adatokat a<br \/>jogszab\u00e1lyi lehet\u0151s\u00e9g\u00e9n\u00e9l fogva tov\u00e1bb\u00edtja az \u00e9rt\u00e9kes\u00edt\u0151 \u00e9s\/vagy szolg\u00e1ltat\u00e1sokat ny\u00fajt\u00f3<br \/>partnereinek.<\/p>\r\n<p>8. JOGORVOSL\u00c1SI LEHET\u0150S\u00c9GEK<br \/>8.1. T\u00e1j\u00e9koztat\u00e1s<br \/>Az \u00e9rintett b\u00e1rmikor t\u00e1j\u00e9koztat\u00e1st k\u00e9rhet szem\u00e9lyes adatai kezel\u00e9s\u00e9r\u0151l, az adatkezel\u00e9s aktu\u00e1lis<br \/>megt\u00f6rt\u00e9nt\u00e9r\u0151l, jogair\u00f3l, garanci\u00e1ir\u00f3l is, \u00edgy k\u00fcl\u00f6n\u00f6sen az adatkezel\u0151, adatfeldolgoz\u00f3<br \/>szem\u00e9ly\u00e9r\u0151l, az adatkezel\u00e9s jogalapj\u00e1r\u00f3l, c\u00e9lj\u00e1r\u00f3l, id\u0151tartam\u00e1r\u00f3l, adatt\u00e1rol\u00e1s hely\u00e9r\u0151l,<br \/>adatbiztons\u00e1gi int\u00e9zked\u00e9sekr\u0151l.<br \/>Az \u00e9rintett k\u00e9relm\u00e9re az adatkezel\u0151 t\u00e1j\u00e9koztat\u00e1st ad az adatkezel\u00e9ssel \u00f6sszef\u00fcgg\u0151<br \/>tev\u00e9kenys\u00e9g\u00e9r\u0151l, illetve az adattov\u00e1bb\u00edt\u00e1sr\u00f3l.<br \/>Az adatkezel\u0151 a k\u00e9relem beny\u00fajt\u00e1s\u00e1t\u00f3l sz\u00e1m\u00edtott \u00e9sszer\u0171en r\u00f6vid id\u0151n bel\u00fcl, maximum azonban<br \/>30 napon bel\u00fcl \u00edr\u00e1sban, k\u00f6z\u00e9rthet\u0151 form\u00e1ban adja meg a t\u00e1j\u00e9koztat\u00e1st.<\/p>\r\n<p>A t\u00e1j\u00e9koztat\u00e1s ingyenes, ha a k\u00e9relmez\u0151 ugyanabban az \u00e9vben ugyanarra a tev\u00e9kenys\u00e9gre,<br \/>adatk\u00f6rre vonatkoz\u00f3 t\u00e1j\u00e9koztat\u00e1si k\u00e9relmet az adatkezel\u0151h\u00f6z m\u00e9g nem ny\u00fajtott be.<br \/>Ett\u0151l elt\u00e9r\u0151 esetekben az adatkezel\u0151 k\u00f6lts\u00e9gt\u00e9r\u00edt\u00e9st \u00e1llap\u00edt meg, \u00e9s a t\u00e1j\u00e9koztat\u00e1st a k\u00f6lts\u00e9gt\u00e9r\u00edt\u00e9s<br \/>megfizet\u00e9s\u00e9t k\u00f6vet\u0151en biztos\u00edtja.<br \/>8.2. T\u00f6rl\u00e9s<br \/>Az adatkezel\u0151 a szem\u00e9lyes adatot t\u00f6rli, ha kezel\u00e9se jogellenes, az \u00e9rintett azt k\u00e9ri, az adatkezel\u00e9s<br \/>c\u00e9lja megsz\u0171nt, vagy az adatok t\u00e1rol\u00e1s\u00e1nak t\u00f6rv\u00e9nyben meghat\u00e1rozott hat\u00e1rideje lej\u00e1rt, azt a<br \/>b\u00edr\u00f3s\u00e1g vagy az adatv\u00e9delmi hat\u00f3s\u00e1g elrendelte.<br \/>Az adatkezel\u0151 a helyesb\u00edt\u00e9sr\u0151l \u00e9s a t\u00f6rl\u00e9sr\u0151l az \u00e9rintettet, tov\u00e1bb\u00e1 mindazokat \u00e9rtes\u00edti, akiknek<br \/>kor\u00e1bban az adatot adatkezel\u00e9s c\u00e9lj\u00e1ra tov\u00e1bb\u00edtott\u00e1k. Az \u00e9rtes\u00edt\u00e9s mell\u0151zhet\u0151, ha ez az<br \/>adatkezel\u00e9s c\u00e9lj\u00e1ra val\u00f3 tekintettel az \u00e9rintett jogos \u00e9rdek\u00e9t nem s\u00e9rti.<br \/>Valamint k\u00e9rheti szem\u00e9lyes adatainak helyesb\u00edt\u00e9s\u00e9t, illetve t\u00f6rl\u00e9s\u00e9t a regisztr\u00e1ci\u00f3n\u00e1l jelzett<br \/>m\u00f3don, illetve \u00fcgyf\u00e9lszolg\u00e1lata \u00fatj\u00e1n. A t\u00f6rl\u00e9s elmulaszt\u00e1s\u00e1nak egyed\u00fcli akad\u00e1lya a t\u00f6rv\u00e9nyi<br \/>korl\u00e1toz\u00e1s lehet.<br \/>8.3. Tiltakoz\u00e1s<br \/>Az \u00e9rintett tiltakozhat szem\u00e9lyes adat\u00e1nak kezel\u00e9se ellen, ha<br \/>\u2022 a szem\u00e9lyes adatok kezel\u00e9se (tov\u00e1bb\u00edt\u00e1sa) kiz\u00e1r\u00f3lag az adatkezel\u0151 vagy az adat\u00e1tvev\u0151<br \/>jog\u00e1nak vagy jogos \u00e9rdek\u00e9nek \u00e9rv\u00e9nyes\u00edt\u00e9s\u00e9hez sz\u00fcks\u00e9ges, kiv\u00e9ve, ha az adatkezel\u00e9st<br \/>t\u00f6rv\u00e9ny rendelte el;<\/p>\r\n<p>\u2022 a szem\u00e9lyes adat felhaszn\u00e1l\u00e1sa vagy tov\u00e1bb\u00edt\u00e1sa k\u00f6zvetlen \u00fczletszerz\u00e9s, k\u00f6zv\u00e9lem\u00e9ny-<br \/>kutat\u00e1s vagy tudom\u00e1nyos kutat\u00e1s c\u00e9lj\u00e1ra t\u00f6rt\u00e9nik;<\/p>\r\n<p>\u2022 a tiltakoz\u00e1s jog\u00e1nak gyakorl\u00e1s\u00e1t egy\u00e9bk\u00e9nt t\u00f6rv\u00e9ny lehet\u0151v\u00e9 teszi.<br \/>Az adatkezel\u0151. &#8211; az adatkezel\u00e9s egyidej\u0171 felf\u00fcggeszt\u00e9s\u00e9vel &#8211; a tiltakoz\u00e1st a k\u00e9relem<br \/>beny\u00fajt\u00e1s\u00e1t\u00f3l sz\u00e1m\u00edtott legr\u00f6videbb id\u0151n bel\u00fcl, de legfeljebb 15 nap alatt megvizsg\u00e1lja, \u00e9s<br \/>annak eredm\u00e9ny\u00e9r\u0151l a k\u00e9relmez\u0151t \u00edr\u00e1sban t\u00e1j\u00e9koztatja.<br \/>Amennyiben a tiltakoz\u00e1s indokolt, az adatkezel\u0151 az adatkezel\u00e9st &#8211; bele\u00e9rtve a tov\u00e1bbi<br \/>adatfelv\u00e9telt \u00e9s adattov\u00e1bb\u00edt\u00e1st is &#8211; megsz\u00fcnteti, \u00e9s az adatokat z\u00e1rolja, valamint a tiltakoz\u00e1sr\u00f3l,<br \/>illet\u0151leg az annak alapj\u00e1n tett int\u00e9zked\u00e9sekr\u0151l \u00e9rtes\u00edti mindazokat, akik r\u00e9sz\u00e9re a tiltakoz\u00e1ssal<br \/>\u00e9rintett szem\u00e9lyes adatot kor\u00e1bban tov\u00e1bb\u00edtotta, \u00e9s akik k\u00f6telesek int\u00e9zkedni a tiltakoz\u00e1si jog<br \/>\u00e9rv\u00e9nyes\u00edt\u00e9se \u00e9rdek\u00e9ben.<br \/>Amennyiben az \u00e9rintett az adatkezel\u0151nek a meghozott d\u00f6nt\u00e9s\u00e9vel nem \u00e9rt egyet, az ellen &#8211; annak<br \/>k\u00f6zl\u00e9s\u00e9t\u0151l sz\u00e1m\u00edtott 30 napon bel\u00fcl &#8211; b\u00edr\u00f3s\u00e1ghoz fordulhat.<br \/>Az adatkezel\u0151 az \u00e9rintett adat\u00e1t nem t\u00f6r\u00f6lheti, ha az adatkezel\u00e9st t\u00f6rv\u00e9ny rendelte el. Az adat<br \/>azonban nem tov\u00e1bb\u00edthat\u00f3 az adat\u00e1tvev\u0151 r\u00e9sz\u00e9re, ha az adatkezel\u0151 egyet\u00e9rtett a tiltakoz\u00e1ssal,<br \/>illet\u0151leg a b\u00edr\u00f3s\u00e1g a tiltakoz\u00e1s jogoss\u00e1g\u00e1t meg\u00e1llap\u00edtotta.<\/p>\r\n<p>8.4. Hat\u00f3s\u00e1gi, b\u00edr\u00f3s\u00e1gi jogorvoslat<br \/>Az adatkezel\u0151 tev\u00e9kenys\u00e9ge ellen panasz tehet\u0151, elj\u00e1r\u00e1s kezdem\u00e9nyezhet\u0151:<br \/>N\u00e9v: Nemzeti Adatv\u00e9delmi \u00e9s Inform\u00e1ci\u00f3szabads\u00e1g Hat\u00f3s\u00e1g (NAIH)<br \/>Sz\u00e9khely: 1125 Budapest, Szil\u00e1gyi Erzs\u00e9bet fasor 22\/c<br \/>Postac\u00edm: 1534 Budapest, Pf.: 834<br \/>Telefon: +36 (1) 391-1400<br \/>Telefax: +36 (1) 391-1410<br \/>E-mail: ugyfelszolgalat@naih.hu<\/p>\r\n<p>Az \u00e9rintett szem\u00e9ly a jogainak megs\u00e9rt\u00e9se eset\u00e9n az adatkezel\u0151 ellen b\u00edr\u00f3s\u00e1ghoz is fordulhat. A<br \/>b\u00edr\u00f3s\u00e1gi illet\u00e9kess\u00e9gi szab\u00e1lyok jel\u00f6lik meg, hogy a konkr\u00e9t \u00fcgyben melyik T\u00f6rv\u00e9nysz\u00e9kn\u00e9l van<br \/>lehet\u0151s\u00e9g kezdem\u00e9nyezni az elj\u00e1r\u00e1st.<\/p>\r\n<\/li>\r\n<\/ol>\r\n","protected":false},"excerpt":{"rendered":"<p>AZ ADATKEZEL\u0150 Jelen adatkezel\u00e9si t\u00e1j\u00e9koztat\u00f3nak az a c\u00e9lja, hogy az \u00e9rintett mag\u00e1nszem\u00e9lyeket k\u00f6z\u00e9rthet\u0151en \u00e9st\u00f6m\u00f6ren t\u00e1j\u00e9koztassa a szem\u00e9lyes adataik kezel\u00e9s\u00e9r\u0151l, az Eur\u00f3pai Uni\u00f3 \u00c1ltal\u00e1nos Adatv\u00e9delmiRendelet\u00e9nek (2016\/679.sz\u00e1m\u00fa Rendelet &#8211; \u201eGDPR\u201d) \u00e9s a magyar Infot\u00f6rv\u00e9nynek (2011. \u00e9viCXII. t\u00f6rv\u00e9ny) megfelel\u0151en.A M\u0171vel\u0151d\u00e9s H\u00e1za Esztergom Nonprofit. Kft. (a tov\u00e1bbiakban: adatkezel\u0151) mag\u00e1ra n\u00e9zvek\u00f6telez\u0151nek ismeri el jelen t\u00e1j\u00e9koztat\u00f3ban foglalt szab\u00e1lyokat, amelyeket a hat\u00e1lyos [&hellip;]<\/p>\n","protected":false},"author":1,"featured_media":0,"parent":0,"menu_order":0,"comment_status":"closed","ping_status":"open","template":"","meta":{"footnotes":""},"class_list":["post-3","page","type-page","status-publish","hentry","post"],"_links":{"self":[{"href":"https:\/\/egomkultur.hu\/efb\/wp-json\/wp\/v2\/pages\/3","targetHints":{"allow":["GET"]}}],"collection":[{"href":"https:\/\/egomkultur.hu\/efb\/wp-json\/wp\/v2\/pages"}],"about":[{"href":"https:\/\/egomkultur.hu\/efb\/wp-json\/wp\/v2\/types\/page"}],"author":[{"embeddable":true,"href":"https:\/\/egomkultur.hu\/efb\/wp-json\/wp\/v2\/users\/1"}],"replies":[{"embeddable":true,"href":"https:\/\/egomkultur.hu\/efb\/wp-json\/wp\/v2\/comments?post=3"}],"version-history":[{"count":4,"href":"https:\/\/egomkultur.hu\/efb\/wp-json\/wp\/v2\/pages\/3\/revisions"}],"predecessor-version":[{"id":303,"href":"https:\/\/egomkultur.hu\/efb\/wp-json\/wp\/v2\/pages\/3\/revisions\/303"}],"wp:attachment":[{"href":"https:\/\/egomkultur.hu\/efb\/wp-json\/wp\/v2\/media?parent=3"}],"curies":[{"name":"wp","href":"https:\/\/api.w.org\/{rel}","templated":true}]}}