{"id":67,"date":"2019-10-08T17:17:20","date_gmt":"2019-10-08T17:17:20","guid":{"rendered":"http:\/\/www.egomkultur.hu\/efb\/register\/"},"modified":"2022-02-22T17:31:16","modified_gmt":"2022-02-22T17:31:16","slug":"register","status":"publish","type":"page","link":"https:\/\/egomkultur.hu\/efb\/register\/","title":{"rendered":"Felhaszn\u00e1l\u00f3 regisztr\u00e1ci\u00f3"},"content":{"rendered":"\n                <div class='gf_browser_gecko gform_wrapper gravity-theme' id='gform_wrapper_16' >\n                        <div class='gform_heading'>\n                            <span class='gform_description'>Regisztr\u00e1ci\u00f3j\u00e1hoz k\u00e9rj\u00fck t\u00f6ltse ki a lenti adatokat<\/span>\n                        <\/div><form method='post' enctype='multipart\/form-data'  id='gform_16'  action='\/efb\/wp-json\/wp\/v2\/pages\/67' novalidate>\n                        <div class='gform_body gform-body'><div id='gform_fields_16' class='gform_fields top_label form_sublabel_below description_above'><div id=\"field_16_15\" class=\"gfield gfield--width-full gfield_contains_required field_sublabel_below field_description_above gfield_visibility_visible\" ><label class='gfield_label' for='input_16_15' >Felhaszn\u00e1l\u00f3n\u00e9v<span class=\"gfield_required\"><span class=\"gfield_required gfield_required_text\">(K\u00f6telez\u0151)<\/span><\/span><\/label><div class='gfield_description' id='gfield_description_16_15'>\u00cdrjon be egy k\u00edv\u00e1nt felhaszn\u00e1l\u00f3nevet.<\/div><div class='ginput_container ginput_container_text'><input name='input_15' id='input_16_15' type='text' value='' class='large'  aria-describedby=\"input_16_15_desc gfield_description_16_15\"   aria-required=\"true\" aria-invalid=\"false\"   \/> <\/div><\/div><div id=\"field_16_10\" class=\"gfield gfield_contains_required field_sublabel_below field_description_above gfield_visibility_visible\" ><label class='gfield_label' for='input_16_10' >N\u00e9v<span class=\"gfield_required\"><span class=\"gfield_required gfield_required_text\">(K\u00f6telez\u0151)<\/span><\/span><\/label><div class='gfield_description' id='gfield_description_16_10'>K\u00e9rj\u00fck \u00edrja be a teljes nev\u00e9t<\/div><div class='ginput_container ginput_container_text'><input name='input_10' id='input_16_10' type='text' value='' class='large'  aria-describedby=\"gfield_description_16_10\"   aria-required=\"true\" aria-invalid=\"false\"   \/> <\/div><\/div><div id=\"field_16_16\" class=\"gfield gfield--width-full field_sublabel_below field_description_above gfield_visibility_visible\" ><label class='gfield_label' for='input_16_16' >M\u0171v\u00e9szn\u00e9v (amennyiben elt\u00e9r)<\/label><div class='ginput_container ginput_container_text'><input name='input_16' id='input_16_16' type='text' value='' class='large'      aria-invalid=\"false\"   \/> <\/div><\/div><div id=\"field_16_2\" class=\"gfield gfield_contains_required field_sublabel_below field_description_above gfield_visibility_visible\" ><label class='gfield_label' for='input_16_2' >Email c\u00edm<span class=\"gfield_required\"><span class=\"gfield_required gfield_required_text\">(K\u00f6telez\u0151)<\/span><\/span><\/label><div class='ginput_container ginput_container_email'>\n                            <input name='input_2' id='input_16_2' type='email' value='' class='medium'    aria-required=\"true\" aria-invalid=\"false\"  \/>\n                        <\/div><\/div><div id=\"field_16_8\" class=\"gfield gfield_contains_required field_sublabel_below field_description_below gfield_visibility_visible\" ><label class='gfield_label' for='input_16_8' >Mobil telefonsz\u00e1m<span class=\"gfield_required\"><span class=\"gfield_required gfield_required_text\">(K\u00f6telez\u0151)<\/span><\/span><\/label><div class='ginput_container ginput_container_text'><input name='input_8' id='input_16_8' type='text' value='' class='medium'  aria-describedby=\"gfield_description_16_8\"   aria-required=\"true\" aria-invalid=\"false\"   \/> <\/div><div class='gfield_description' id='gfield_description_16_8'>K\u00e9rj\u00fck telefonsz\u00e1m\u00e1t a 06 el\u0151h\u00edv\u00f3val egy\u00fctt adja meg. A sz\u00e1mnak \u00f6sszesen 11 karakternek kell lennie.\n0630XXXXXXX<\/div><\/div><div id=\"field_16_12\" class=\"gfield gfield_html gfield_html_formatted field_sublabel_below field_description_above gfield_visibility_visible\" >C\u00edm adatok:<\/div><div id=\"field_16_13\" class=\"gfield field_sublabel_below field_description_above gfield_visibility_visible\" ><label class='gfield_label' for='input_16_13' >Ir\u00e1ny\u00edt\u00f3sz\u00e1m<\/label><div class='ginput_container ginput_container_text'><input name='input_13' id='input_16_13' type='text' value='' class='medium'      aria-invalid=\"false\"   \/> <\/div><\/div><div id=\"field_16_11\" class=\"gfield gfield_contains_required field_sublabel_below field_description_above gfield_visibility_visible\" ><label class='gfield_label' for='input_16_11' >V\u00e1ros<span class=\"gfield_required\"><span class=\"gfield_required gfield_required_text\">(K\u00f6telez\u0151)<\/span><\/span><\/label><div class='ginput_container ginput_container_text'><input name='input_11' id='input_16_11' type='text' value='' class='medium'     aria-required=\"true\" aria-invalid=\"false\"   \/> <\/div><\/div><div id=\"field_16_14\" class=\"gfield field_sublabel_below field_description_above gfield_visibility_visible\" ><label class='gfield_label' for='input_16_14' >Utca h\u00e1zsz\u00e1m<\/label><div class='ginput_container ginput_container_text'><input name='input_14' id='input_16_14' type='text' value='' class='medium'      aria-invalid=\"false\"   \/> <\/div><\/div><fieldset id=\"field_16_7\" class=\"gfield gfield_contains_required field_sublabel_below field_description_above gfield_visibility_visible\" ><legend class='gfield_label gfield_label_before_complex'  >Adatv\u00e9delem<span class=\"gfield_required\"><span class=\"gfield_required gfield_required_text\">(K\u00f6telez\u0151)<\/span><\/span><\/legend><div class='gfield_description gfield_consent_description' id='gfield_consent_description_16_7'>K\u00e9rj\u00fck olvassa el adatv\u00e9delmi t\u00e1j\u00e9koztat\u00f3nkat <a href=\"\/efb\/adatkezelesi-tajekoztato\">IDE Kattintva<\/a><\/div><div class='ginput_container ginput_container_consent'><input name='input_7.1' id='input_16_7_1' type='checkbox' value='1'  aria-describedby=\"gfield_consent_description_16_7 gfield_description_16_7\" aria-required=\"true\" aria-invalid=\"false\"   \/> <label class=\"gfield_consent_label\" for='input_16_7_1' >Az Adatkezel\u00e9si t\u00e1j\u00e9koztat\u00f3t elolvastam \u00e9s elfogadom<\/label><input type='hidden' name='input_7.2' value='Az Adatkezel\u00e9si t\u00e1j\u00e9koztat\u00f3t elolvastam \u00e9s elfogadom' class='gform_hidden' \/><input type='hidden' name='input_7.3' value='20' class='gform_hidden' \/><\/div><\/fieldset><div id=\"field_16_6\" class=\"gfield field_sublabel_below field_description_above gfield_visibility_visible\" ><label class='gfield_label' for='input_16_6' >CAPTCHA<\/label><div id='input_16_6' class='ginput_container ginput_recaptcha' data-sitekey='6LeyLZEeAAAAABKX5bFNWBCs0d4WoLVOQm5tKTGW'  data-theme='light' data-tabindex='0'  data-badge=''><\/div><\/div><div id=\"field_16_17\" class=\"gfield gform_validation_container field_sublabel_below field_description_above gfield_visibility_visible\" ><label class='gfield_label' for='input_16_17' >Email<\/label><div class='gfield_description' id='gfield_description_16_17'>Ez a mez\u0151 az \u00e9rv\u00e9nyes\u00edt\u00e9shez van \u00e9s \u00fcresen kell hagyni.<\/div><div class='ginput_container'><input name='input_17' id='input_16_17' type='text' value='' autocomplete='new-password'\/><\/div><\/div><\/div><\/div>\n        <div class='gform_footer top_label'> <input type='submit' id='gform_submit_button_16' class='gform_button button' value='Elk\u00fcld'  onclick='if(window[\"gf_submitting_16\"]){return false;}  if( !jQuery(\"#gform_16\")[0].checkValidity || jQuery(\"#gform_16\")[0].checkValidity()){window[\"gf_submitting_16\"]=true;}  ' onkeypress='if( event.keyCode == 13 ){ if(window[\"gf_submitting_16\"]){return false;} if( !jQuery(\"#gform_16\")[0].checkValidity || jQuery(\"#gform_16\")[0].checkValidity()){window[\"gf_submitting_16\"]=true;}  jQuery(\"#gform_16\").trigger(\"submit\",[true]); }' \/> \n            <input type='hidden' class='gform_hidden' name='is_submit_16' value='1' \/>\n            <input type='hidden' class='gform_hidden' name='gform_submit' value='16' \/>\n            \n            <input type='hidden' class='gform_hidden' name='gform_unique_id' value='' \/>\n            <input type='hidden' class='gform_hidden' name='state_16' value='WyJbXSIsImFhNjcxMTQ2YTI3ZTEzYTcyOGRiNDA5OTFhMWRlNTIzIl0=' \/>\n            <input type='hidden' class='gform_hidden' name='gform_target_page_number_16' id='gform_target_page_number_16' value='0' \/>\n            <input type='hidden' class='gform_hidden' name='gform_source_page_number_16' id='gform_source_page_number_16' value='1' \/>\n            <input type='hidden' name='gform_field_values' value='' \/>\n            \n        <\/div>\n                        <\/form>\n                        <\/div>\n","protected":false},"excerpt":{"rendered":"","protected":false},"author":1,"featured_media":0,"parent":0,"menu_order":0,"comment_status":"closed","ping_status":"closed","template":"","meta":{"footnotes":""},"class_list":["post-67","page","type-page","status-publish","hentry","post"],"_links":{"self":[{"href":"https:\/\/egomkultur.hu\/efb\/wp-json\/wp\/v2\/pages\/67","targetHints":{"allow":["GET"]}}],"collection":[{"href":"https:\/\/egomkultur.hu\/efb\/wp-json\/wp\/v2\/pages"}],"about":[{"href":"https:\/\/egomkultur.hu\/efb\/wp-json\/wp\/v2\/types\/page"}],"author":[{"embeddable":true,"href":"https:\/\/egomkultur.hu\/efb\/wp-json\/wp\/v2\/users\/1"}],"replies":[{"embeddable":true,"href":"https:\/\/egomkultur.hu\/efb\/wp-json\/wp\/v2\/comments?post=67"}],"version-history":[{"count":4,"href":"https:\/\/egomkultur.hu\/efb\/wp-json\/wp\/v2\/pages\/67\/revisions"}],"predecessor-version":[{"id":272,"href":"https:\/\/egomkultur.hu\/efb\/wp-json\/wp\/v2\/pages\/67\/revisions\/272"}],"wp:attachment":[{"href":"https:\/\/egomkultur.hu\/efb\/wp-json\/wp\/v2\/media?parent=67"}],"curies":[{"name":"wp","href":"https:\/\/api.w.org\/{rel}","templated":true}]}}